{"id":93,"date":"2021-04-23T15:30:57","date_gmt":"2021-04-23T15:30:57","guid":{"rendered":"http:\/\/insta.lichtvoorraad.nl\/?page_id=93"},"modified":"2024-07-26T09:01:34","modified_gmt":"2024-07-26T07:01:34","slug":"about-us","status":"publish","type":"page","link":"https:\/\/www.instalighting.de\/en\/uber-uns\/","title":{"rendered":"About us"},"content":{"rendered":"<section class=\"acf-block-hero\" style=\"background-image: url('https:\/\/www.instalighting.de\/wp-content\/uploads\/2022\/09\/instalighting-startbild-uber-uns.jpg')\">\n\n    <div class=\"acf-block-hero__wrapper\">\n                <!--<div class=\"acf-block-hero__wrapper__bottom\">\n            <div class=\"acf-block-hero__wrapper__brand\" style=\"< ?php echo $bgColor ?>\">\n                < ?php if ( !empty($fieldsById['page_color']) && $fieldsById['page_color'] == 1): ?>\n                    <a href=\"\/\" class=\"acf-block-hero__logo\">\n                        < ?php echo wp_get_attachment_image($options['hero_block']['logo_blue'], 'full') ?>\n                    <\/a>\n                < ?php else: ?>\n                    <a href=\"\/\" class=\"acf-block-hero__logo\">\n                        < ?php echo wp_get_attachment_image($options['hero_block']['logo'], 'full') ?>\n                    <\/a>\n                < ?php endif; ?>\n            <\/div>\n        <\/div>-->\n    <\/div>\n    <!--?php get_template_part('\/parts\/mob', 'header'); ?-->\n<\/section>\n    <div class=\"acf_hero_standalone_title\">\n        <div class=\"to-container\">\n            <h1 class=\"hero_title\">\n                <a href=\"#\">InstaLighting \u2013\u00a0Licht als L\u00f6sung<\/a>\n            <\/h1>\n            <span><\/span>\n        <\/div>\n    <\/div>\n\n\n\n<div class=\"wp-block-columns is-layout-flex wp-container-core-columns-is-layout-9d6595d7 wp-block-columns-is-layout-flex\">\n<div class=\"wp-block-column to-container is-layout-flow wp-block-column-is-layout-flow\">\n<h2 class=\"wp-block-heading\">Neue M\u00f6glichkeiten schaffen durch Licht<\/h2>\n\n\n\n<p class=\"mgb100\">Intelligentes Licht ist mehr als Technologie \u2013 eine Aufwertung f\u00fcr St\u00e4dte, Tourismus, Verkehr, \u00d6kologie, Shopping-Erlebnisse, Sicherheit und die vernetzte Welt von morgen. Unsere Lichtl\u00f6sungen bieten konkrete Mehrwerte f\u00fcr Kunden und Nutzer. Seit mehr als 30 Jahren besch\u00e4ftigen wir uns bei InstaLighting mit der Frage, wie wir diese Mehrwerte schaffen k\u00f6nnen. Unsere Antwort ist Kompromisslosigkeit bei der Licht- und Materialqualit\u00e4t und Einfachheit in der Form und Nutzung. So k\u00f6nnen wir mit dazu beitragen, dass sich Menschen gerne an \u00f6ffentlichen Orten aufhalten und sich dort begegnen. Gleichzeitig reduzieren wir Energieverbrauch und Lichtemissionen durch flexible Steuerungskonzepte, hochleistungsf\u00e4hige Optiken und LED-Technologie. Wir unterst\u00fctzen Ladengesch\u00e4fte dabei, Kunden zu binden und entwickeln besonders robuste und langlebige Produkte f\u00fcr den \u00f6ffentlichen Raum.<\/p>\n\n\n\n<figure class=\"wp-block-image size-full\"><img loading=\"lazy\" decoding=\"async\" width=\"1361\" height=\"836\" src=\"https:\/\/instalighting.de\/wp-content\/uploads\/2022\/09\/GOLZ4091-2-1.jpg\" alt=\"\" class=\"wp-image-9839\" srcset=\"https:\/\/www.instalighting.de\/wp-content\/uploads\/2022\/09\/GOLZ4091-2-1.jpg 1361w, https:\/\/www.instalighting.de\/wp-content\/uploads\/2022\/09\/GOLZ4091-2-1-300x184.jpg 300w, https:\/\/www.instalighting.de\/wp-content\/uploads\/2022\/09\/GOLZ4091-2-1-1024x629.jpg 1024w, https:\/\/www.instalighting.de\/wp-content\/uploads\/2022\/09\/GOLZ4091-2-1-768x472.jpg 768w, https:\/\/www.instalighting.de\/wp-content\/uploads\/2022\/09\/GOLZ4091-2-1-18x12.jpg 18w\" sizes=\"auto, (max-width: 1361px) 100vw, 1361px\" \/><\/figure>\n\n\n\n<h2 class=\"wp-block-heading\">Von der Planung \u00fcber die Steuerung bis zur Inbetriebnahme \u2013 alles aus einer Hand<\/h2>\n\n\n\n<p class=\"mgb100\">Wir machen es unseren Auftraggebern leicht und sind erst dann zufrieden, wenn auch bei komplexen Beleuchtungsl\u00f6sungen am Ende das Licht angeht. Dabei liegt ein besonderer Fokus auf L\u00f6sungen mit intelligenten Steuerungssystemen, wireless und flexibel auf der Basis von Casambi oder mit DALI und KNX f\u00fcr gro\u00dfe Anlagen. Wir liefern keine einzelnen Komponenten, sondern komplette Systeme mit Leuchten, Software, Hardware, Verkabelung, Schaltschr\u00e4nken, Adressierung und Inbetriebnahme. Alles ganz einfach.<\/p>\n\n\n\n<figure class=\"wp-block-image size-full\"><img loading=\"lazy\" decoding=\"async\" width=\"1359\" height=\"836\" src=\"https:\/\/instalighting.de\/wp-content\/uploads\/2022\/09\/Bruecke_Diepholz_GOLZ9488-1.jpg\" alt=\"\" class=\"wp-image-9840\" srcset=\"https:\/\/www.instalighting.de\/wp-content\/uploads\/2022\/09\/Bruecke_Diepholz_GOLZ9488-1.jpg 1359w, https:\/\/www.instalighting.de\/wp-content\/uploads\/2022\/09\/Bruecke_Diepholz_GOLZ9488-1-300x185.jpg 300w, https:\/\/www.instalighting.de\/wp-content\/uploads\/2022\/09\/Bruecke_Diepholz_GOLZ9488-1-1024x630.jpg 1024w, https:\/\/www.instalighting.de\/wp-content\/uploads\/2022\/09\/Bruecke_Diepholz_GOLZ9488-1-768x472.jpg 768w, https:\/\/www.instalighting.de\/wp-content\/uploads\/2022\/09\/Bruecke_Diepholz_GOLZ9488-1-18x12.jpg 18w\" sizes=\"auto, (max-width: 1359px) 100vw, 1359px\" \/><\/figure>\n\n\n\n<h2 class=\"wp-block-heading\">Leuchten made in Germany \u2013 InstaLighting f\u00fcr OEM<\/h2>\n\n\n\n<p class=\"mgb0\">F\u00fcr Marken aus dem Bereich Licht und Lichtsteuerung ist InstaLighting Technologiepartner und Hersteller. Mit unserer Technologieplattform \u201cElements\u201d bieten wir ein modulares System aus Optiken, Leuchtmitteln und Steuerungskomponenten, mit dem Kunden ihre Entwicklungszeiten und -kosten f\u00fcr neue Leuchten reduziert werden k\u00f6nnen. Zus\u00e4tzlich l\u00e4sst sich mit Produkten aus unserem umfangreichen White-Label Katalog das eigene Portfolio schnell und flexibel erg\u00e4nzen \u2013 punktuell f\u00fcr ein Projekt oder langfristig mit eigenem Branding. Unsere Technologieabteilung und Fertigung befindet sich in Brilon. So machen wir die Wege so kurz wie m\u00f6glich und sorgen f\u00fcr gleichbleibend hohe Qualit\u00e4t.<\/p>\n<\/div>\n<\/div>\n","protected":false},"excerpt":{"rendered":"<p>Neue M\u00f6glichkeiten schaffen durch Licht Intelligentes Licht ist mehr als Technologie \u2013 eine Aufwertung f\u00fcr St\u00e4dte, Tourismus, Verkehr, \u00d6kologie, Shopping-Erlebnisse, Sicherheit und die vernetzte Welt von morgen. Unsere Lichtl\u00f6sungen bieten konkrete Mehrwerte f\u00fcr Kunden und Nutzer. Seit mehr als 30 Jahren besch\u00e4ftigen wir uns bei InstaLighting mit der Frage, wie wir diese Mehrwerte schaffen k\u00f6nnen. [&hellip;]<\/p>\n","protected":false},"author":3,"featured_media":0,"parent":0,"menu_order":0,"comment_status":"closed","ping_status":"closed","template":"","meta":{"_acf_changed":false,"footnotes":""},"class_list":["post-93","page","type-page","status-publish","hentry"],"acf":[],"yoast_head":"<!-- This site is optimized with the Yoast SEO plugin v27.3 - https:\/\/yoast.com\/product\/yoast-seo-wordpress\/ -->\n<title>\u00dcber uns - InstaLighting<\/title>\n<meta name=\"robots\" content=\"index, follow, max-snippet:-1, max-image-preview:large, max-video-preview:-1\" \/>\n<link rel=\"canonical\" href=\"https:\/\/www.instalighting.de\/en\/about-us\/\" \/>\n<meta property=\"og:locale\" content=\"en_GB\" \/>\n<meta property=\"og:type\" content=\"article\" \/>\n<meta property=\"og:title\" content=\"\u00dcber uns - InstaLighting\" \/>\n<meta property=\"og:description\" content=\"Neue M\u00f6glichkeiten schaffen durch Licht Intelligentes Licht ist mehr als Technologie \u2013 eine Aufwertung f\u00fcr St\u00e4dte, Tourismus, Verkehr, \u00d6kologie, Shopping-Erlebnisse, Sicherheit und die vernetzte Welt von morgen. Unsere Lichtl\u00f6sungen bieten konkrete Mehrwerte f\u00fcr Kunden und Nutzer. Seit mehr als 30 Jahren besch\u00e4ftigen wir uns bei InstaLighting mit der Frage, wie wir diese Mehrwerte schaffen k\u00f6nnen. [&hellip;]\" \/>\n<meta property=\"og:url\" content=\"https:\/\/www.instalighting.de\/en\/about-us\/\" \/>\n<meta property=\"og:site_name\" content=\"InstaLighting\" \/>\n<meta property=\"article:modified_time\" content=\"2024-07-26T07:01:34+00:00\" \/>\n<meta property=\"og:image\" content=\"https:\/\/instalighting.de\/wp-content\/uploads\/2022\/09\/GOLZ4091-2-1.jpg\" \/>\n<meta name=\"twitter:card\" content=\"summary_large_image\" \/>\n<meta name=\"twitter:label1\" content=\"Estimated reading time\" \/>\n\t<meta name=\"twitter:data1\" content=\"3 minutes\" \/>\n<script type=\"application\/ld+json\" class=\"yoast-schema-graph\">{\"@context\":\"https:\\\/\\\/schema.org\",\"@graph\":[{\"@type\":\"WebPage\",\"@id\":\"https:\\\/\\\/www.instalighting.de\\\/uber-uns\\\/\",\"url\":\"https:\\\/\\\/www.instalighting.de\\\/uber-uns\\\/\",\"name\":\"\u00dcber uns - InstaLighting\",\"isPartOf\":{\"@id\":\"https:\\\/\\\/www.instalighting.de\\\/sv\\\/#website\"},\"primaryImageOfPage\":{\"@id\":\"https:\\\/\\\/www.instalighting.de\\\/uber-uns\\\/#primaryimage\"},\"image\":{\"@id\":\"https:\\\/\\\/www.instalighting.de\\\/uber-uns\\\/#primaryimage\"},\"thumbnailUrl\":\"https:\\\/\\\/instalighting.de\\\/wp-content\\\/uploads\\\/2022\\\/09\\\/GOLZ4091-2-1.jpg\",\"datePublished\":\"2021-04-23T15:30:57+00:00\",\"dateModified\":\"2024-07-26T07:01:34+00:00\",\"breadcrumb\":{\"@id\":\"https:\\\/\\\/www.instalighting.de\\\/uber-uns\\\/#breadcrumb\"},\"inLanguage\":\"en-GB\",\"potentialAction\":[{\"@type\":\"ReadAction\",\"target\":[\"https:\\\/\\\/www.instalighting.de\\\/uber-uns\\\/\"]}]},{\"@type\":\"ImageObject\",\"inLanguage\":\"en-GB\",\"@id\":\"https:\\\/\\\/www.instalighting.de\\\/uber-uns\\\/#primaryimage\",\"url\":\"https:\\\/\\\/instalighting.de\\\/wp-content\\\/uploads\\\/2022\\\/09\\\/GOLZ4091-2-1.jpg\",\"contentUrl\":\"https:\\\/\\\/instalighting.de\\\/wp-content\\\/uploads\\\/2022\\\/09\\\/GOLZ4091-2-1.jpg\"},{\"@type\":\"BreadcrumbList\",\"@id\":\"https:\\\/\\\/www.instalighting.de\\\/uber-uns\\\/#breadcrumb\",\"itemListElement\":[{\"@type\":\"ListItem\",\"position\":1,\"name\":\"instalighting.de\",\"item\":\"https:\\\/\\\/www.instalighting.de\\\/\"},{\"@type\":\"ListItem\",\"position\":2,\"name\":\"\u00dcber uns\"}]},{\"@type\":\"WebSite\",\"@id\":\"https:\\\/\\\/www.instalighting.de\\\/sv\\\/#website\",\"url\":\"https:\\\/\\\/www.instalighting.de\\\/sv\\\/\",\"name\":\"InstaLighting\",\"description\":\"Light as a solution\",\"potentialAction\":[{\"@type\":\"SearchAction\",\"target\":{\"@type\":\"EntryPoint\",\"urlTemplate\":\"https:\\\/\\\/www.instalighting.de\\\/sv\\\/?s={search_term_string}\"},\"query-input\":{\"@type\":\"PropertyValueSpecification\",\"valueRequired\":true,\"valueName\":\"search_term_string\"}}],\"inLanguage\":\"en-GB\"}]}<\/script>\n<!-- \/ Yoast SEO plugin. -->","yoast_head_json":{"title":"About us - InstaLighting","robots":{"index":"index","follow":"follow","max-snippet":"max-snippet:-1","max-image-preview":"max-image-preview:large","max-video-preview":"max-video-preview:-1"},"canonical":"https:\/\/www.instalighting.de\/en\/about-us\/","og_locale":"en_GB","og_type":"article","og_title":"\u00dcber uns - InstaLighting","og_description":"Neue M\u00f6glichkeiten schaffen durch Licht Intelligentes Licht ist mehr als Technologie \u2013 eine Aufwertung f\u00fcr St\u00e4dte, Tourismus, Verkehr, \u00d6kologie, Shopping-Erlebnisse, Sicherheit und die vernetzte Welt von morgen. Unsere Lichtl\u00f6sungen bieten konkrete Mehrwerte f\u00fcr Kunden und Nutzer. Seit mehr als 30 Jahren besch\u00e4ftigen wir uns bei InstaLighting mit der Frage, wie wir diese Mehrwerte schaffen k\u00f6nnen. [&hellip;]","og_url":"https:\/\/www.instalighting.de\/en\/about-us\/","og_site_name":"InstaLighting","article_modified_time":"2024-07-26T07:01:34+00:00","og_image":[{"url":"https:\/\/instalighting.de\/wp-content\/uploads\/2022\/09\/GOLZ4091-2-1.jpg","type":"","width":"","height":""}],"twitter_card":"summary_large_image","twitter_misc":{"Estimated reading time":"3 minutes"},"schema":{"@context":"https:\/\/schema.org","@graph":[{"@type":"WebPage","@id":"https:\/\/www.instalighting.de\/uber-uns\/","url":"https:\/\/www.instalighting.de\/uber-uns\/","name":"About us - InstaLighting","isPartOf":{"@id":"https:\/\/www.instalighting.de\/sv\/#website"},"primaryImageOfPage":{"@id":"https:\/\/www.instalighting.de\/uber-uns\/#primaryimage"},"image":{"@id":"https:\/\/www.instalighting.de\/uber-uns\/#primaryimage"},"thumbnailUrl":"https:\/\/instalighting.de\/wp-content\/uploads\/2022\/09\/GOLZ4091-2-1.jpg","datePublished":"2021-04-23T15:30:57+00:00","dateModified":"2024-07-26T07:01:34+00:00","breadcrumb":{"@id":"https:\/\/www.instalighting.de\/uber-uns\/#breadcrumb"},"inLanguage":"en-GB","potentialAction":[{"@type":"ReadAction","target":["https:\/\/www.instalighting.de\/uber-uns\/"]}]},{"@type":"ImageObject","inLanguage":"en-GB","@id":"https:\/\/www.instalighting.de\/uber-uns\/#primaryimage","url":"https:\/\/instalighting.de\/wp-content\/uploads\/2022\/09\/GOLZ4091-2-1.jpg","contentUrl":"https:\/\/instalighting.de\/wp-content\/uploads\/2022\/09\/GOLZ4091-2-1.jpg"},{"@type":"BreadcrumbList","@id":"https:\/\/www.instalighting.de\/uber-uns\/#breadcrumb","itemListElement":[{"@type":"ListItem","position":1,"name":"instalighting.de","item":"https:\/\/www.instalighting.de\/"},{"@type":"ListItem","position":2,"name":"\u00dcber uns"}]},{"@type":"WebSite","@id":"https:\/\/www.instalighting.de\/sv\/#website","url":"https:\/\/www.instalighting.de\/sv\/","name":"InstaLighting","description":"Light as a solution","potentialAction":[{"@type":"SearchAction","target":{"@type":"EntryPoint","urlTemplate":"https:\/\/www.instalighting.de\/sv\/?s={search_term_string}"},"query-input":{"@type":"PropertyValueSpecification","valueRequired":true,"valueName":"search_term_string"}}],"inLanguage":"en-GB"}]}},"_links":{"self":[{"href":"https:\/\/www.instalighting.de\/en\/wp-json\/wp\/v2\/pages\/93","targetHints":{"allow":["GET"]}}],"collection":[{"href":"https:\/\/www.instalighting.de\/en\/wp-json\/wp\/v2\/pages"}],"about":[{"href":"https:\/\/www.instalighting.de\/en\/wp-json\/wp\/v2\/types\/page"}],"author":[{"embeddable":true,"href":"https:\/\/www.instalighting.de\/en\/wp-json\/wp\/v2\/users\/3"}],"replies":[{"embeddable":true,"href":"https:\/\/www.instalighting.de\/en\/wp-json\/wp\/v2\/comments?post=93"}],"version-history":[{"count":44,"href":"https:\/\/www.instalighting.de\/en\/wp-json\/wp\/v2\/pages\/93\/revisions"}],"predecessor-version":[{"id":13829,"href":"https:\/\/www.instalighting.de\/en\/wp-json\/wp\/v2\/pages\/93\/revisions\/13829"}],"wp:attachment":[{"href":"https:\/\/www.instalighting.de\/en\/wp-json\/wp\/v2\/media?parent=93"}],"curies":[{"name":"wp","href":"https:\/\/api.w.org\/{rel}","templated":true}]}}