{"id":5159,"date":"2021-06-18T08:02:31","date_gmt":"2021-06-18T06:02:31","guid":{"rendered":"https:\/\/insta.lichtvoorraad.nl\/?page_id=5159"},"modified":"2022-11-02T15:08:50","modified_gmt":"2022-11-02T14:08:50","slug":"elementi-per-oem","status":"publish","type":"page","link":"https:\/\/www.instalighting.de\/it\/instalighting-fuer-oem\/elements-fur-oem\/","title":{"rendered":"Elementi per OEM"},"content":{"rendered":"<section class=\"acf-block-hero\" style=\"background-image: url('https:\/\/www.instalighting.de\/wp-content\/uploads\/2022\/09\/Rectangle-3-1-3.jpg')\">\n\n    <div class=\"acf-block-hero__wrapper\">\n                    <div class=\"acf-block-hero__wrapper__image \">\n                <img loading=\"lazy\" decoding=\"async\" width=\"1085\" height=\"427\" src=\"https:\/\/www.instalighting.de\/wp-content\/uploads\/2022\/10\/elements_oem1.png\" class=\"attachment-full size-full\" alt=\"\" srcset=\"https:\/\/www.instalighting.de\/wp-content\/uploads\/2022\/10\/elements_oem1.png 1085w, https:\/\/www.instalighting.de\/wp-content\/uploads\/2022\/10\/elements_oem1-300x118.png 300w, https:\/\/www.instalighting.de\/wp-content\/uploads\/2022\/10\/elements_oem1-1024x403.png 1024w, https:\/\/www.instalighting.de\/wp-content\/uploads\/2022\/10\/elements_oem1-768x302.png 768w, https:\/\/www.instalighting.de\/wp-content\/uploads\/2022\/10\/elements_oem1-18x7.png 18w\" sizes=\"auto, (max-width: 1085px) 100vw, 1085px\" \/>            <\/div>\n                <!--<div class=\"acf-block-hero__wrapper__bottom\">\n            <div class=\"acf-block-hero__wrapper__brand\" style=\"< ?php echo $bgColor ?>\">\n                < ?php if ( !empty($fieldsById['page_color']) && $fieldsById['page_color'] == 1): ?>\n                    <a href=\"\/\" class=\"acf-block-hero__logo\">\n                        < ?php echo wp_get_attachment_image($options['hero_block']['logo_blue'], 'full') ?>\n                    <\/a>\n                < ?php else: ?>\n                    <a href=\"\/\" class=\"acf-block-hero__logo\">\n                        < ?php echo wp_get_attachment_image($options['hero_block']['logo'], 'full') ?>\n                    <\/a>\n                < ?php endif; ?>\n            <\/div>\n        <\/div>-->\n    <\/div>\n    <!--?php get_template_part('\/parts\/mob', 'header'); ?-->\n<\/section>\n    <div class=\"acf_hero_standalone_title\">\n        <div class=\"to-container\">\n            <h1 class=\"hero_title\">\n                <a href=\"#\">Eine neue Art der Produktentwicklung<\/a>\n            <\/h1>\n            <span>Elements f\u00fcr OEM<\/span>\n        <\/div>\n    <\/div>\n\n\n\n<div class=\"wp-block-columns are-vertically-aligned-top is-not-stacked-on-mobile to-container is-layout-flex wp-container-core-columns-is-layout-9d6595d7 wp-block-columns-is-layout-flex\">\n<div class=\"wp-block-column is-vertically-aligned-top is-layout-flow wp-block-column-is-layout-flow\">\n<h2 class=\"wp-block-heading\">Schneller, zukunftsf\u00e4higer und kosteng\u00fcnstiger neue Produkte entwickeln mit Elements<\/h2>\n\n\n\n<p>Elements ist eine neuartige Produktplattform von InstaLighting und bietet f\u00fcr OEM eine Vielzahl von M\u00f6glichkeiten, eigene Produkte auf der Basis eines modularen Baukastens von LED-Technologien, Optiken, Lichtfarben und Steuerung zu entwickeln. Durch das Plattformkonzept lassen sich Entwicklungszeiten und -kosten deutlich absenken. Die Lichtqualit\u00e4t bleibt dabei \u00fcber das gesamte Portfolio hinweg stets auf dem gleichen, h\u00f6chsten Niveau. Das Geh\u00e4usedesign kann individuell angepasst werden, sodass die Produkte aus InstaLighting Elements ihrem Branding entsprechen und sich in die Formensprache Ihres Portfolios einf\u00fcgen.<\/p>\n\n\n\n<p>Die Elements Plattform wird kontinuierlich weiterentwickelt. So k\u00f6nnen Sie von neuen Features profitieren und Ihr Portfolio immer auf dem neuesten Stand aktueller Leuchten- und Steuerungstechnologien halten.<\/p>\n\n\n\n<div class=\"wp-block-columns mgt100 is-layout-flex wp-container-core-columns-is-layout-9d6595d7 wp-block-columns-is-layout-flex\">\n<div class=\"wp-block-column is-layout-flow wp-block-column-is-layout-flow\"><div class=\"wp-block-image\">\n<figure class=\"aligncenter size-full is-resized\"><img loading=\"lazy\" decoding=\"async\" src=\"https:\/\/instalighting.de\/wp-content\/uploads\/2022\/09\/modular-300x300-1.png\" alt=\"\" class=\"wp-image-9591\" width=\"150\" height=\"150\" srcset=\"https:\/\/www.instalighting.de\/wp-content\/uploads\/2022\/09\/modular-300x300-1.png 214w, https:\/\/www.instalighting.de\/wp-content\/uploads\/2022\/09\/modular-300x300-1-150x150.png 150w, https:\/\/www.instalighting.de\/wp-content\/uploads\/2022\/09\/modular-300x300-1-12x12.png 12w\" sizes=\"auto, (max-width: 150px) 100vw, 150px\" \/><\/figure>\n<\/div>\n\n\n<p class=\"has-text-align-center mgb0\"><strong>Modulares Baukastensystem<br><\/strong>f\u00fcr alle Leuchtentypen und Anwendungsgebiete<\/p>\n<\/div>\n\n\n\n<div class=\"wp-block-column is-layout-flow wp-block-column-is-layout-flow\"><div class=\"wp-block-image\">\n<figure class=\"aligncenter size-full is-resized\"><img decoding=\"async\" src=\"https:\/\/instalighting.de\/wp-content\/uploads\/2022\/09\/quality-300x300-1.png\" alt=\"\" class=\"wp-image-9592\" width=\"150\" srcset=\"https:\/\/www.instalighting.de\/wp-content\/uploads\/2022\/09\/quality-300x300-1.png 214w, https:\/\/www.instalighting.de\/wp-content\/uploads\/2022\/09\/quality-300x300-1-150x150.png 150w, https:\/\/www.instalighting.de\/wp-content\/uploads\/2022\/09\/quality-300x300-1-12x12.png 12w\" sizes=\"(max-width: 214px) 100vw, 214px\" \/><\/figure>\n<\/div>\n\n\n<p class=\"has-text-align-center mgb0\"><strong>Maximale und einheitliche Lichtqualit\u00e4t <br><\/strong>\u00fcber das gesamte Portfolio f\u00fcr alle Optiken, Leistungsklassen und Lichtfarben.<\/p>\n<\/div>\n\n\n\n<div class=\"wp-block-column is-layout-flow wp-block-column-is-layout-flow\"><div class=\"wp-block-image\">\n<figure class=\"aligncenter size-full is-resized\"><img loading=\"lazy\" decoding=\"async\" src=\"https:\/\/instalighting.de\/wp-content\/uploads\/2022\/09\/icon_dimmlevel1-100-3.png\" alt=\"\" class=\"wp-image-9565\" width=\"150\" height=\"150\" srcset=\"https:\/\/www.instalighting.de\/wp-content\/uploads\/2022\/09\/icon_dimmlevel1-100-3.png 213w, https:\/\/www.instalighting.de\/wp-content\/uploads\/2022\/09\/icon_dimmlevel1-100-3-150x150.png 150w, https:\/\/www.instalighting.de\/wp-content\/uploads\/2022\/09\/icon_dimmlevel1-100-3-12x12.png 12w\" sizes=\"auto, (max-width: 150px) 100vw, 150px\" \/><\/figure>\n<\/div>\n\n\n<p class=\"has-text-align-center mgb0\"><strong>Flimmerfreies Dimmen<br><\/strong>\u00fcber das gesamte Spektrum von 1 bis 100%<\/p>\n<\/div>\n\n\n\n<div class=\"wp-block-column is-layout-flow wp-block-column-is-layout-flow\"><div class=\"wp-block-image\">\n<figure class=\"aligncenter size-full is-resized\"><img loading=\"lazy\" decoding=\"async\" src=\"https:\/\/instalighting.de\/wp-content\/uploads\/2022\/09\/icon_temperaturmanagement-1.png\" alt=\"\" class=\"wp-image-9593\" width=\"150\" height=\"150\" srcset=\"https:\/\/www.instalighting.de\/wp-content\/uploads\/2022\/09\/icon_temperaturmanagement-1.png 214w, https:\/\/www.instalighting.de\/wp-content\/uploads\/2022\/09\/icon_temperaturmanagement-1-150x150.png 150w, https:\/\/www.instalighting.de\/wp-content\/uploads\/2022\/09\/icon_temperaturmanagement-1-12x12.png 12w\" sizes=\"auto, (max-width: 150px) 100vw, 150px\" \/><\/figure>\n<\/div>\n\n\n<p class=\"has-text-align-center mgb0\"><strong>Stabiles Temperaturmanagement<br><\/strong>f\u00fcr Umgebungstemperaturen von -20\u00b0 bis +50\u00b0C<\/p>\n<\/div>\n<\/div>\n\n\n\n<h2 class=\"wp-block-heading\">Ein modularer Baukasten f\u00fcr jede erdenkliche Leuchtenform<\/h2>\n\n\n\n<p>Vom Downlight bis zur Lichtlinie \u2013 mit Elements l\u00e4sst sich jede erdenkliche Leuchte konfigurieren und in bestehende oder neu entwickelte Geh\u00e4use einbauen.<\/p>\n\n\n\n<h2 class=\"wp-block-heading\">Beispielhafte Leuchtenentwicklungen mit Elements<\/h2>\n<\/div>\n<\/div>\n\n\n\n<div class=\"wp-block-columns to-container to-flex-column is-layout-flex wp-container-core-columns-is-layout-9d6595d7 wp-block-columns-is-layout-flex\">\n<div class=\"wp-block-column mgb25 to-container pd0 is-layout-flow wp-block-column-is-layout-flow\">    <div class=\"bottom-slider\">\n    <div class=\"action\">\n                                                                                <div data-slide=\"1\" class=\"action-one prevdiv custom-font-slider\"><a\n                            href=\"\">Integrierte Bodenlinie \u2013\u00a0powered by Elements<\/a><\/div>\n                                                                        <div data-slide=\"2\" class=\"action-one custom-font-slider\"><a\n                            href=\"\">Miniaturstrahler \u2013\u00a0powered by Elements<\/a><\/div>\n                                                                        <div data-slide=\"3\" class=\"action-one custom-font-slider\"><a\n                            href=\"\">Bodenlinie \u2013\u00a0powered by Elements<\/a><\/div>\n                                    <\/div>\n\n    <div class=\"shortcode-slider\">\n                                                <div style=\"height: 600px;\"\n                     class=\"my-carousel__item-one-slider shortcode-img\">\n                    <a target=\"_blank\" href=\"#\">\n                        <img decoding=\"async\" style=\"position: relative; height: 100%!important\"\n                             src=\"https:\/\/www.instalighting.de\/wp-content\/uploads\/2022\/09\/aco_ogl1060-1.jpg\">\n                    <\/a>\n                    <div class=\"my-carousel-one__text shortcode-txt\">\n                        <p>Entw\u00e4sserungsschlitz mit integrierter Lichtlinie, f\u00fcr ACO Tiefbau<\/p>\n                    <\/div>\n                <\/div>\n                                            <div style=\"height: 600px;\"\n                     class=\"my-carousel__item-one-slider shortcode-img\">\n                    <a target=\"_blank\" href=\"#\">\n                        <img decoding=\"async\" style=\"position: relative; height: 100%!important\"\n                             src=\"https:\/\/www.instalighting.de\/wp-content\/uploads\/2022\/10\/o2_oem.jpg\">\n                    <\/a>\n                    <div class=\"my-carousel-one__text shortcode-txt\">\n                        <p>Maximale Lichtwirkung auf kleinstem Raum \u2013\u00a0f\u00fcr Fassadenanstrahlungen oder Beleuchtungsl\u00f6sungen im Bereich von Landschaftsarchitektur<\/p>\n                    <\/div>\n                <\/div>\n                                            <div style=\"height: 600px;\"\n                     class=\"my-carousel__item-one-slider shortcode-img\">\n                    <a target=\"_blank\" href=\"#\">\n                        <img decoding=\"async\" style=\"position: relative; height: 100%!important\"\n                             src=\"https:\/\/www.instalighting.de\/wp-content\/uploads\/2022\/10\/ogl2_oem.jpg\">\n                    <\/a>\n                    <div class=\"my-carousel-one__text shortcode-txt\">\n                        <p>Mit nur 29 mm Breite lassen sich mit Elements Leuchten konfigurieren, die sich unsichtbar in jede Architektur integrieren. Jedes Lichtmodul kann dabei einzeln angesteuert werden.<\/p>\n                    <\/div>\n                <\/div>\n                                        <\/div>\n    \n<\/div>\n<\/div>\n\n\n\n<div style=\"height:20px\" aria-hidden=\"true\" class=\"wp-block-spacer\"><\/div>\n\n\n\n<div class=\"wp-block-columns mgt75 is-layout-flex wp-container-core-columns-is-layout-9d6595d7 wp-block-columns-is-layout-flex\">\n<div class=\"wp-block-column is-layout-flow wp-block-column-is-layout-flow\">\n<figure class=\"wp-block-image size-full mgb0\"><img loading=\"lazy\" decoding=\"async\" width=\"671\" height=\"454\" src=\"https:\/\/instalighting.de\/wp-content\/uploads\/2022\/09\/Free_A4_Brochure_Mockup_02-1-1.jpg\" alt=\"\" class=\"wp-image-9642\" srcset=\"https:\/\/www.instalighting.de\/wp-content\/uploads\/2022\/09\/Free_A4_Brochure_Mockup_02-1-1.jpg 671w, https:\/\/www.instalighting.de\/wp-content\/uploads\/2022\/09\/Free_A4_Brochure_Mockup_02-1-1-300x203.jpg 300w, https:\/\/www.instalighting.de\/wp-content\/uploads\/2022\/09\/Free_A4_Brochure_Mockup_02-1-1-18x12.jpg 18w\" sizes=\"auto, (max-width: 671px) 100vw, 671px\" \/><\/figure>\n<\/div>\n\n\n\n<div class=\"wp-block-column is-layout-flow wp-block-column-is-layout-flow\">\n<h2 class=\"mgt0 wp-block-heading\">InstaLighting f\u00fcr OEM<\/h2>\n\n\n\n<p>Ihre M\u00f6glichkeiten f\u00fcr die Produktentwicklung mit InstaLighting auf einen Blick<\/p>\n\n\n\n<div class=\"wp-block-buttons is-layout-flex wp-block-buttons-is-layout-flex\">\n<div class=\"wp-block-button arrow\"><a class=\"wp-block-button__link\" href=\"https:\/\/instalighting.de\/wp-content\/uploads\/2022\/10\/elements_oem_folder.pdf\">Download Brosch\u00fcre<\/a><\/div>\n<\/div>\n<\/div>\n<\/div>\n","protected":false},"excerpt":{"rendered":"<p>Schneller, zukunftsf\u00e4higer und kosteng\u00fcnstiger neue Produkte entwickeln mit Elements Elements ist eine neuartige Produktplattform von InstaLighting und bietet f\u00fcr OEM eine Vielzahl von M\u00f6glichkeiten, eigene Produkte auf der Basis eines modularen Baukastens von LED-Technologien, Optiken, Lichtfarben und Steuerung zu entwickeln. Durch das Plattformkonzept lassen sich Entwicklungszeiten und -kosten deutlich absenken. Die Lichtqualit\u00e4t bleibt dabei \u00fcber [&hellip;]<\/p>\n","protected":false},"author":3,"featured_media":0,"parent":9719,"menu_order":0,"comment_status":"closed","ping_status":"closed","template":"","meta":{"_acf_changed":false,"footnotes":""},"class_list":["post-5159","page","type-page","status-publish","hentry"],"acf":[],"yoast_head":"<!-- This site is optimized with the Yoast SEO plugin v27.3 - https:\/\/yoast.com\/product\/yoast-seo-wordpress\/ -->\n<title>Elements f\u00fcr OEM - InstaLighting<\/title>\n<meta name=\"robots\" content=\"index, follow, max-snippet:-1, max-image-preview:large, max-video-preview:-1\" \/>\n<link rel=\"canonical\" href=\"https:\/\/www.instalighting.de\/it\/installazione-per-oem\/elementi-per-oem\/\" \/>\n<meta property=\"og:locale\" content=\"it_IT\" \/>\n<meta property=\"og:type\" content=\"article\" \/>\n<meta property=\"og:title\" content=\"Elements f\u00fcr OEM - InstaLighting\" \/>\n<meta property=\"og:description\" content=\"Schneller, zukunftsf\u00e4higer und kosteng\u00fcnstiger neue Produkte entwickeln mit Elements Elements ist eine neuartige Produktplattform von InstaLighting und bietet f\u00fcr OEM eine Vielzahl von M\u00f6glichkeiten, eigene Produkte auf der Basis eines modularen Baukastens von LED-Technologien, Optiken, Lichtfarben und Steuerung zu entwickeln. Durch das Plattformkonzept lassen sich Entwicklungszeiten und -kosten deutlich absenken. Die Lichtqualit\u00e4t bleibt dabei \u00fcber [&hellip;]\" \/>\n<meta property=\"og:url\" content=\"https:\/\/www.instalighting.de\/it\/installazione-per-oem\/elementi-per-oem\/\" \/>\n<meta property=\"og:site_name\" content=\"InstaLighting\" \/>\n<meta property=\"article:modified_time\" content=\"2022-11-02T14:08:50+00:00\" \/>\n<meta property=\"og:image\" content=\"https:\/\/instalighting.de\/wp-content\/uploads\/2022\/09\/modular-300x300-1.png\" \/>\n<meta name=\"twitter:card\" content=\"summary_large_image\" \/>\n<meta name=\"twitter:label1\" content=\"Tempo di lettura stimato\" \/>\n\t<meta name=\"twitter:data1\" content=\"3 minuti\" \/>\n<script type=\"application\/ld+json\" class=\"yoast-schema-graph\">{\"@context\":\"https:\\\/\\\/schema.org\",\"@graph\":[{\"@type\":\"WebPage\",\"@id\":\"https:\\\/\\\/www.instalighting.de\\\/instalighting-fuer-oem\\\/elements-fur-oem\\\/\",\"url\":\"https:\\\/\\\/www.instalighting.de\\\/instalighting-fuer-oem\\\/elements-fur-oem\\\/\",\"name\":\"Elements f\u00fcr OEM - InstaLighting\",\"isPartOf\":{\"@id\":\"https:\\\/\\\/www.instalighting.de\\\/sv\\\/#website\"},\"primaryImageOfPage\":{\"@id\":\"https:\\\/\\\/www.instalighting.de\\\/instalighting-fuer-oem\\\/elements-fur-oem\\\/#primaryimage\"},\"image\":{\"@id\":\"https:\\\/\\\/www.instalighting.de\\\/instalighting-fuer-oem\\\/elements-fur-oem\\\/#primaryimage\"},\"thumbnailUrl\":\"https:\\\/\\\/instalighting.de\\\/wp-content\\\/uploads\\\/2022\\\/09\\\/modular-300x300-1.png\",\"datePublished\":\"2021-06-18T06:02:31+00:00\",\"dateModified\":\"2022-11-02T14:08:50+00:00\",\"breadcrumb\":{\"@id\":\"https:\\\/\\\/www.instalighting.de\\\/instalighting-fuer-oem\\\/elements-fur-oem\\\/#breadcrumb\"},\"inLanguage\":\"it-IT\",\"potentialAction\":[{\"@type\":\"ReadAction\",\"target\":[\"https:\\\/\\\/www.instalighting.de\\\/instalighting-fuer-oem\\\/elements-fur-oem\\\/\"]}]},{\"@type\":\"ImageObject\",\"inLanguage\":\"it-IT\",\"@id\":\"https:\\\/\\\/www.instalighting.de\\\/instalighting-fuer-oem\\\/elements-fur-oem\\\/#primaryimage\",\"url\":\"https:\\\/\\\/instalighting.de\\\/wp-content\\\/uploads\\\/2022\\\/09\\\/modular-300x300-1.png\",\"contentUrl\":\"https:\\\/\\\/instalighting.de\\\/wp-content\\\/uploads\\\/2022\\\/09\\\/modular-300x300-1.png\"},{\"@type\":\"BreadcrumbList\",\"@id\":\"https:\\\/\\\/www.instalighting.de\\\/instalighting-fuer-oem\\\/elements-fur-oem\\\/#breadcrumb\",\"itemListElement\":[{\"@type\":\"ListItem\",\"position\":1,\"name\":\"instalighting.de\",\"item\":\"https:\\\/\\\/www.instalighting.de\\\/\"},{\"@type\":\"ListItem\",\"position\":2,\"name\":\"InstaLighting f\u00fcr OEM\",\"item\":\"https:\\\/\\\/www.instalighting.de\\\/instalighting-fuer-oem\\\/\"},{\"@type\":\"ListItem\",\"position\":3,\"name\":\"Elements f\u00fcr OEM\"}]},{\"@type\":\"WebSite\",\"@id\":\"https:\\\/\\\/www.instalighting.de\\\/sv\\\/#website\",\"url\":\"https:\\\/\\\/www.instalighting.de\\\/sv\\\/\",\"name\":\"InstaLighting\",\"description\":\"Light as a solution\",\"potentialAction\":[{\"@type\":\"SearchAction\",\"target\":{\"@type\":\"EntryPoint\",\"urlTemplate\":\"https:\\\/\\\/www.instalighting.de\\\/sv\\\/?s={search_term_string}\"},\"query-input\":{\"@type\":\"PropertyValueSpecification\",\"valueRequired\":true,\"valueName\":\"search_term_string\"}}],\"inLanguage\":\"it-IT\"}]}<\/script>\n<!-- \/ Yoast SEO plugin. -->","yoast_head_json":{"title":"Elementi per OEM - InstaLighting","robots":{"index":"index","follow":"follow","max-snippet":"max-snippet:-1","max-image-preview":"max-image-preview:large","max-video-preview":"max-video-preview:-1"},"canonical":"https:\/\/www.instalighting.de\/it\/installazione-per-oem\/elementi-per-oem\/","og_locale":"it_IT","og_type":"article","og_title":"Elements f\u00fcr OEM - InstaLighting","og_description":"Schneller, zukunftsf\u00e4higer und kosteng\u00fcnstiger neue Produkte entwickeln mit Elements Elements ist eine neuartige Produktplattform von InstaLighting und bietet f\u00fcr OEM eine Vielzahl von M\u00f6glichkeiten, eigene Produkte auf der Basis eines modularen Baukastens von LED-Technologien, Optiken, Lichtfarben und Steuerung zu entwickeln. Durch das Plattformkonzept lassen sich Entwicklungszeiten und -kosten deutlich absenken. Die Lichtqualit\u00e4t bleibt dabei \u00fcber [&hellip;]","og_url":"https:\/\/www.instalighting.de\/it\/installazione-per-oem\/elementi-per-oem\/","og_site_name":"InstaLighting","article_modified_time":"2022-11-02T14:08:50+00:00","og_image":[{"url":"https:\/\/instalighting.de\/wp-content\/uploads\/2022\/09\/modular-300x300-1.png","type":"","width":"","height":""}],"twitter_card":"summary_large_image","twitter_misc":{"Tempo di lettura stimato":"3 minuti"},"schema":{"@context":"https:\/\/schema.org","@graph":[{"@type":"WebPage","@id":"https:\/\/www.instalighting.de\/instalighting-fuer-oem\/elements-fur-oem\/","url":"https:\/\/www.instalighting.de\/instalighting-fuer-oem\/elements-fur-oem\/","name":"Elementi per OEM - InstaLighting","isPartOf":{"@id":"https:\/\/www.instalighting.de\/sv\/#website"},"primaryImageOfPage":{"@id":"https:\/\/www.instalighting.de\/instalighting-fuer-oem\/elements-fur-oem\/#primaryimage"},"image":{"@id":"https:\/\/www.instalighting.de\/instalighting-fuer-oem\/elements-fur-oem\/#primaryimage"},"thumbnailUrl":"https:\/\/instalighting.de\/wp-content\/uploads\/2022\/09\/modular-300x300-1.png","datePublished":"2021-06-18T06:02:31+00:00","dateModified":"2022-11-02T14:08:50+00:00","breadcrumb":{"@id":"https:\/\/www.instalighting.de\/instalighting-fuer-oem\/elements-fur-oem\/#breadcrumb"},"inLanguage":"it-IT","potentialAction":[{"@type":"ReadAction","target":["https:\/\/www.instalighting.de\/instalighting-fuer-oem\/elements-fur-oem\/"]}]},{"@type":"ImageObject","inLanguage":"it-IT","@id":"https:\/\/www.instalighting.de\/instalighting-fuer-oem\/elements-fur-oem\/#primaryimage","url":"https:\/\/instalighting.de\/wp-content\/uploads\/2022\/09\/modular-300x300-1.png","contentUrl":"https:\/\/instalighting.de\/wp-content\/uploads\/2022\/09\/modular-300x300-1.png"},{"@type":"BreadcrumbList","@id":"https:\/\/www.instalighting.de\/instalighting-fuer-oem\/elements-fur-oem\/#breadcrumb","itemListElement":[{"@type":"ListItem","position":1,"name":"instalighting.de","item":"https:\/\/www.instalighting.de\/"},{"@type":"ListItem","position":2,"name":"InstaLighting f\u00fcr OEM","item":"https:\/\/www.instalighting.de\/instalighting-fuer-oem\/"},{"@type":"ListItem","position":3,"name":"Elements f\u00fcr OEM"}]},{"@type":"WebSite","@id":"https:\/\/www.instalighting.de\/sv\/#website","url":"https:\/\/www.instalighting.de\/sv\/","name":"InstaLighting","description":"Luce come soluzione","potentialAction":[{"@type":"SearchAction","target":{"@type":"EntryPoint","urlTemplate":"https:\/\/www.instalighting.de\/sv\/?s={search_term_string}"},"query-input":{"@type":"PropertyValueSpecification","valueRequired":true,"valueName":"search_term_string"}}],"inLanguage":"it-IT"}]}},"_links":{"self":[{"href":"https:\/\/www.instalighting.de\/it\/wp-json\/wp\/v2\/pages\/5159","targetHints":{"allow":["GET"]}}],"collection":[{"href":"https:\/\/www.instalighting.de\/it\/wp-json\/wp\/v2\/pages"}],"about":[{"href":"https:\/\/www.instalighting.de\/it\/wp-json\/wp\/v2\/types\/page"}],"author":[{"embeddable":true,"href":"https:\/\/www.instalighting.de\/it\/wp-json\/wp\/v2\/users\/3"}],"replies":[{"embeddable":true,"href":"https:\/\/www.instalighting.de\/it\/wp-json\/wp\/v2\/comments?post=5159"}],"version-history":[{"count":215,"href":"https:\/\/www.instalighting.de\/it\/wp-json\/wp\/v2\/pages\/5159\/revisions"}],"predecessor-version":[{"id":11723,"href":"https:\/\/www.instalighting.de\/it\/wp-json\/wp\/v2\/pages\/5159\/revisions\/11723"}],"up":[{"embeddable":true,"href":"https:\/\/www.instalighting.de\/it\/wp-json\/wp\/v2\/pages\/9719"}],"wp:attachment":[{"href":"https:\/\/www.instalighting.de\/it\/wp-json\/wp\/v2\/media?parent=5159"}],"curies":[{"name":"wp","href":"https:\/\/api.w.org\/{rel}","templated":true}]}}