{"id":9926,"date":"2022-09-30T16:08:05","date_gmt":"2022-09-30T14:08:05","guid":{"rendered":"https:\/\/insta.systemtest.io\/?page_id=9926"},"modified":"2023-01-30T16:12:58","modified_gmt":"2023-01-30T15:12:58","slug":"rinnovamento-energetico","status":"publish","type":"page","link":"https:\/\/www.instalighting.de\/it\/anwendungen\/energetische-sanierung\/","title":{"rendered":"Riqualificazione energetica"},"content":{"rendered":"<section class=\"acf-block-hero\" style=\"background-image: url('https:\/\/www.instalighting.de\/wp-content\/uploads\/2022\/09\/instalighting-startbild-energetische-sanierung.jpg')\">\n\n    <div class=\"acf-block-hero__wrapper\">\n                <!--<div class=\"acf-block-hero__wrapper__bottom\">\n            <div class=\"acf-block-hero__wrapper__brand\" style=\"< ?php echo $bgColor ?>\">\n                < ?php if ( !empty($fieldsById['page_color']) && $fieldsById['page_color'] == 1): ?>\n                    <a href=\"\/\" class=\"acf-block-hero__logo\">\n                        < ?php echo wp_get_attachment_image($options['hero_block']['logo_blue'], 'full') ?>\n                    <\/a>\n                < ?php else: ?>\n                    <a href=\"\/\" class=\"acf-block-hero__logo\">\n                        < ?php echo wp_get_attachment_image($options['hero_block']['logo'], 'full') ?>\n                    <\/a>\n                < ?php endif; ?>\n            <\/div>\n        <\/div>-->\n    <\/div>\n    <!--?php get_template_part('\/parts\/mob', 'header'); ?-->\n<\/section>\n    <div class=\"acf_hero_standalone_title\">\n        <div class=\"to-container\">\n            <h1 class=\"hero_title\">\n                <a href=\"#\">Energetische Sanierung<\/a>\n            <\/h1>\n            <span><\/span>\n        <\/div>\n    <\/div>\n\n\n\n<div class=\"wp-block-columns is-layout-flex wp-container-core-columns-is-layout-9d6595d7 wp-block-columns-is-layout-flex\">\n<div class=\"wp-block-column to-container is-layout-flow wp-block-column-is-layout-flow\">\n<h2 class=\"wp-block-heading\">Energiebilanz und Amortisation<\/h2>\n\n\n\n<p>Durch die Umr\u00fcstung von Beleuchtungsanlagen auf LED-Leuchtmittel lassen sich die Betriebskosten radikal reduzieren. In den meisten F\u00e4llen amortisieren sich die notwendigen Investitionen bereits nach wenigen Jahren und eine Netto-Einsparung bei den Gesamtkosten tritt ein. <br><br>Zus\u00e4tzlich k\u00f6nnen digitale und intelligente Steuerungskonzepte den Energieverbrauch signifikant senken und gleichzeitig zu einer erh\u00f6hten Aufenthaltsqualit\u00e4t sowie einer emotionalen Raumwirkung beitragen. Der Schl\u00fcssel zu einer erfolgreichen energetischen Sanierung ist eine sorgf\u00e4ltige Planung, um alle Potenziale auszusch\u00f6pfen und von den vielf\u00e4ltigen staatlichen F\u00f6rderprogrammen profitieren zu k\u00f6nnen.<br><\/p>\n\n\n<div class=\"wp-block-image\">\n<figure class=\"aligncenter size-large is-resized\"><img loading=\"lazy\" decoding=\"async\" src=\"https:\/\/instalighting.de\/wp-content\/uploads\/2022\/12\/il_eg-1024x270.jpg\" alt=\"\" class=\"wp-image-11973\" width=\"1450\" height=\"382\" srcset=\"https:\/\/www.instalighting.de\/wp-content\/uploads\/2022\/12\/il_eg-1024x270.jpg 1024w, https:\/\/www.instalighting.de\/wp-content\/uploads\/2022\/12\/il_eg-300x79.jpg 300w, https:\/\/www.instalighting.de\/wp-content\/uploads\/2022\/12\/il_eg-768x203.jpg 768w, https:\/\/www.instalighting.de\/wp-content\/uploads\/2022\/12\/il_eg-1536x406.jpg 1536w, https:\/\/www.instalighting.de\/wp-content\/uploads\/2022\/12\/il_eg-18x5.jpg 18w, https:\/\/www.instalighting.de\/wp-content\/uploads\/2022\/12\/il_eg.jpg 2000w\" sizes=\"auto, (max-width: 1450px) 100vw, 1450px\" \/><\/figure>\n<\/div>\n\n\n<h2 class=\"wp-block-heading\">Weg zu einer energetischen Sanierung &#8211; aus einer Hand<\/h2>\n\n\n\n<div class=\"timeflow__block\">\n        <div class=\"container\">\n            <div class=\"timeflow__images\">\n                <span class=\"top\"><strong>Projektpr\u00fcfung und Erstgespr\u00e4ch<\/strong><\/span>\n                <div class=\"timeflow__images--arrow arrow--1\">\n                    <img decoding=\"async\" src=\"\/wp-content\/uploads\/2022\/10\/energetische_sanierung1c.svg\">\n                <\/div>\n            <\/div>\n            <div class=\"timeflow__images\">\n                <div class=\"timeflow__images--arrow arrow--2\">\n                    <img decoding=\"async\" src=\"\/wp-content\/uploads\/2022\/10\/energetische_sanierung2c.svg\">\n                <\/div>\n                <span class=\"bottom\"><strong>Identifikation von Einsparpotenzialen und Berechnung von Amortisationszeiten<\/strong><\/span>\n            <\/div>\n            <div class=\"timeflow__images\">\n                <span class=\"top\"><strong>Identifikation und Beantragung von F\u00f6rdermitteln<\/strong><\/span>\n                <div class=\"timeflow__images--arrow arrow--3\">\n                    <img decoding=\"async\" src=\"\/wp-content\/uploads\/2022\/10\/energetische_sanierung3c.svg\">\n                <\/div>\n            <\/div>\n            <div class=\"timeflow__images\">\n                <div class=\"timeflow__images--arrow arrow--4\">\n                    <img decoding=\"async\" src=\"\/wp-content\/uploads\/2022\/10\/energetische_sanierung4c.svg\">\n                <\/div>\n                <span class=\"bottom\"><strong>Lichtplanung und Spezifikation<\/strong><\/span>\n            <\/div>\n            <div class=\"timeflow__images\">\n                <span class=\"top\"><strong>Montage und Inbetriebnahme<\/strong><\/span>\n                <div class=\"timeflow__images--arrow arrow--5\">\n                    <img decoding=\"async\" src=\"\/wp-content\/uploads\/2022\/10\/energetische_sanierung5c.svg\">\n                <\/div>\n            <\/div>\n            <div class=\"timeflow__images last\">\n                <img decoding=\"async\" src=\"\/wp-content\/uploads\/2022\/10\/energetische_sanierung6.svg\">\n                <span class=\"bottom\"><strong>Energie- und Kostensenkung<\/strong><\/span>\n            <\/div>\n        <\/div>\n    <\/div>\n\n\n\n<p><br>Der Staat f\u00f6rdert die energetische Sanierung durch Umr\u00fcstung auf LED mit bis zu 20% der Anschaffungs- und Installationskosten sowie mit 50% der Kosten f\u00fcr die Planung. Wir unterst\u00fctzen Sie bei der Beantragung von F\u00f6rdermitteln und planen mit Ihnen die Umr\u00fcstung auf LED \u2013 vom Erstgespr\u00e4ch, \u00fcber die Planung bis zur Inbetriebnahme.<\/p>\n\n\n\n<div class=\"wp-block-columns mgt100 mgb0 is-layout-flex wp-container-core-columns-is-layout-9d6595d7 wp-block-columns-is-layout-flex\">\n<div class=\"wp-block-column is-layout-flow wp-block-column-is-layout-flow\">\n<figure class=\"wp-block-image size-full mrg0\"><img loading=\"lazy\" decoding=\"async\" width=\"670\" height=\"452\" src=\"https:\/\/instalighting.de\/wp-content\/uploads\/2022\/12\/ipad_sanierung.jpg\" alt=\"\" class=\"wp-image-11958\" srcset=\"https:\/\/www.instalighting.de\/wp-content\/uploads\/2022\/12\/ipad_sanierung.jpg 670w, https:\/\/www.instalighting.de\/wp-content\/uploads\/2022\/12\/ipad_sanierung-300x202.jpg 300w, https:\/\/www.instalighting.de\/wp-content\/uploads\/2022\/12\/ipad_sanierung-18x12.jpg 18w\" sizes=\"auto, (max-width: 670px) 100vw, 670px\" \/><\/figure>\n<\/div>\n\n\n\n<div class=\"wp-block-column is-layout-flow wp-block-column-is-layout-flow\">\n<h2 class=\"mgt0 wp-block-heading\">Kurzbrosch\u00fcre: Energetische Sanierung<\/h2>\n\n\n\n<p>Laden Sie sich hier unsere Brosch\u00fcre mit detaillierten Informationen sowie einer \u00dcbersicht \u00fcber unser Produktportfolio f\u00fcr energetische Sanierungen herunter.<\/p>\n\n\n\n<div class=\"wp-block-buttons is-layout-flex wp-block-buttons-is-layout-flex\">\n<div class=\"wp-block-button arrow\"><a class=\"wp-block-button__link\" href=\"https:\/\/instalighting.de\/wp-content\/uploads\/2022\/12\/il_sanierung_online.pdf\">Download Brosch\u00fcre<\/a><\/div>\n<\/div>\n<\/div>\n<\/div>\n<\/div>\n<\/div>\n","protected":false},"excerpt":{"rendered":"<p>Energiebilanz und Amortisation Durch die Umr\u00fcstung von Beleuchtungsanlagen auf LED-Leuchtmittel lassen sich die Betriebskosten radikal reduzieren. In den meisten F\u00e4llen amortisieren sich die notwendigen Investitionen bereits nach wenigen Jahren und eine Netto-Einsparung bei den Gesamtkosten tritt ein. Zus\u00e4tzlich k\u00f6nnen digitale und intelligente Steuerungskonzepte den Energieverbrauch signifikant senken und gleichzeitig zu einer erh\u00f6hten Aufenthaltsqualit\u00e4t sowie einer [&hellip;]<\/p>\n","protected":false},"author":3,"featured_media":0,"parent":5732,"menu_order":0,"comment_status":"closed","ping_status":"closed","template":"calculate.php","meta":{"_acf_changed":false,"footnotes":""},"class_list":["post-9926","page","type-page","status-publish","hentry"],"acf":[],"yoast_head":"<!-- This site is optimized with the Yoast SEO plugin v27.3 - https:\/\/yoast.com\/product\/yoast-seo-wordpress\/ -->\n<title>Energetische Sanierung - InstaLighting<\/title>\n<meta name=\"robots\" content=\"index, follow, max-snippet:-1, max-image-preview:large, max-video-preview:-1\" \/>\n<link rel=\"canonical\" href=\"https:\/\/www.instalighting.de\/it\/applicazioni\/rinnovamento-energetico\/\" \/>\n<meta property=\"og:locale\" content=\"it_IT\" \/>\n<meta property=\"og:type\" content=\"article\" \/>\n<meta property=\"og:title\" content=\"Energetische Sanierung - InstaLighting\" \/>\n<meta property=\"og:description\" content=\"Energiebilanz und Amortisation Durch die Umr\u00fcstung von Beleuchtungsanlagen auf LED-Leuchtmittel lassen sich die Betriebskosten radikal reduzieren. In den meisten F\u00e4llen amortisieren sich die notwendigen Investitionen bereits nach wenigen Jahren und eine Netto-Einsparung bei den Gesamtkosten tritt ein. Zus\u00e4tzlich k\u00f6nnen digitale und intelligente Steuerungskonzepte den Energieverbrauch signifikant senken und gleichzeitig zu einer erh\u00f6hten Aufenthaltsqualit\u00e4t sowie einer [&hellip;]\" \/>\n<meta property=\"og:url\" content=\"https:\/\/www.instalighting.de\/it\/applicazioni\/rinnovamento-energetico\/\" \/>\n<meta property=\"og:site_name\" content=\"InstaLighting\" \/>\n<meta property=\"article:modified_time\" content=\"2023-01-30T15:12:58+00:00\" \/>\n<meta property=\"og:image\" content=\"https:\/\/instalighting.de\/wp-content\/uploads\/2022\/12\/il_eg-1024x270.jpg\" \/>\n<meta name=\"twitter:card\" content=\"summary_large_image\" \/>\n<meta name=\"twitter:label1\" content=\"Tempo di lettura stimato\" \/>\n\t<meta name=\"twitter:data1\" content=\"3 minuti\" \/>\n<script type=\"application\/ld+json\" class=\"yoast-schema-graph\">{\"@context\":\"https:\\\/\\\/schema.org\",\"@graph\":[{\"@type\":\"WebPage\",\"@id\":\"https:\\\/\\\/www.instalighting.de\\\/anwendungen\\\/energetische-sanierung\\\/\",\"url\":\"https:\\\/\\\/www.instalighting.de\\\/anwendungen\\\/energetische-sanierung\\\/\",\"name\":\"Energetische Sanierung - InstaLighting\",\"isPartOf\":{\"@id\":\"https:\\\/\\\/www.instalighting.de\\\/sv\\\/#website\"},\"primaryImageOfPage\":{\"@id\":\"https:\\\/\\\/www.instalighting.de\\\/anwendungen\\\/energetische-sanierung\\\/#primaryimage\"},\"image\":{\"@id\":\"https:\\\/\\\/www.instalighting.de\\\/anwendungen\\\/energetische-sanierung\\\/#primaryimage\"},\"thumbnailUrl\":\"https:\\\/\\\/instalighting.de\\\/wp-content\\\/uploads\\\/2022\\\/12\\\/il_eg-1024x270.jpg\",\"datePublished\":\"2022-09-30T14:08:05+00:00\",\"dateModified\":\"2023-01-30T15:12:58+00:00\",\"breadcrumb\":{\"@id\":\"https:\\\/\\\/www.instalighting.de\\\/anwendungen\\\/energetische-sanierung\\\/#breadcrumb\"},\"inLanguage\":\"it-IT\",\"potentialAction\":[{\"@type\":\"ReadAction\",\"target\":[\"https:\\\/\\\/www.instalighting.de\\\/anwendungen\\\/energetische-sanierung\\\/\"]}]},{\"@type\":\"ImageObject\",\"inLanguage\":\"it-IT\",\"@id\":\"https:\\\/\\\/www.instalighting.de\\\/anwendungen\\\/energetische-sanierung\\\/#primaryimage\",\"url\":\"https:\\\/\\\/instalighting.de\\\/wp-content\\\/uploads\\\/2022\\\/12\\\/il_eg-1024x270.jpg\",\"contentUrl\":\"https:\\\/\\\/instalighting.de\\\/wp-content\\\/uploads\\\/2022\\\/12\\\/il_eg-1024x270.jpg\"},{\"@type\":\"BreadcrumbList\",\"@id\":\"https:\\\/\\\/www.instalighting.de\\\/anwendungen\\\/energetische-sanierung\\\/#breadcrumb\",\"itemListElement\":[{\"@type\":\"ListItem\",\"position\":1,\"name\":\"instalighting.de\",\"item\":\"https:\\\/\\\/www.instalighting.de\\\/\"},{\"@type\":\"ListItem\",\"position\":2,\"name\":\"Anwendungen\",\"item\":\"https:\\\/\\\/www.instalighting.de\\\/anwendungen\\\/\"},{\"@type\":\"ListItem\",\"position\":3,\"name\":\"Energetische Sanierung\"}]},{\"@type\":\"WebSite\",\"@id\":\"https:\\\/\\\/www.instalighting.de\\\/sv\\\/#website\",\"url\":\"https:\\\/\\\/www.instalighting.de\\\/sv\\\/\",\"name\":\"InstaLighting\",\"description\":\"Light as a solution\",\"potentialAction\":[{\"@type\":\"SearchAction\",\"target\":{\"@type\":\"EntryPoint\",\"urlTemplate\":\"https:\\\/\\\/www.instalighting.de\\\/sv\\\/?s={search_term_string}\"},\"query-input\":{\"@type\":\"PropertyValueSpecification\",\"valueRequired\":true,\"valueName\":\"search_term_string\"}}],\"inLanguage\":\"it-IT\"}]}<\/script>\n<!-- \/ Yoast SEO plugin. -->","yoast_head_json":{"title":"Ristrutturazione energetica - InstaLighting","robots":{"index":"index","follow":"follow","max-snippet":"max-snippet:-1","max-image-preview":"max-image-preview:large","max-video-preview":"max-video-preview:-1"},"canonical":"https:\/\/www.instalighting.de\/it\/applicazioni\/rinnovamento-energetico\/","og_locale":"it_IT","og_type":"article","og_title":"Energetische Sanierung - InstaLighting","og_description":"Energiebilanz und Amortisation Durch die Umr\u00fcstung von Beleuchtungsanlagen auf LED-Leuchtmittel lassen sich die Betriebskosten radikal reduzieren. In den meisten F\u00e4llen amortisieren sich die notwendigen Investitionen bereits nach wenigen Jahren und eine Netto-Einsparung bei den Gesamtkosten tritt ein. Zus\u00e4tzlich k\u00f6nnen digitale und intelligente Steuerungskonzepte den Energieverbrauch signifikant senken und gleichzeitig zu einer erh\u00f6hten Aufenthaltsqualit\u00e4t sowie einer [&hellip;]","og_url":"https:\/\/www.instalighting.de\/it\/applicazioni\/rinnovamento-energetico\/","og_site_name":"InstaLighting","article_modified_time":"2023-01-30T15:12:58+00:00","og_image":[{"url":"https:\/\/instalighting.de\/wp-content\/uploads\/2022\/12\/il_eg-1024x270.jpg","type":"","width":"","height":""}],"twitter_card":"summary_large_image","twitter_misc":{"Tempo di lettura stimato":"3 minuti"},"schema":{"@context":"https:\/\/schema.org","@graph":[{"@type":"WebPage","@id":"https:\/\/www.instalighting.de\/anwendungen\/energetische-sanierung\/","url":"https:\/\/www.instalighting.de\/anwendungen\/energetische-sanierung\/","name":"Ristrutturazione energetica - InstaLighting","isPartOf":{"@id":"https:\/\/www.instalighting.de\/sv\/#website"},"primaryImageOfPage":{"@id":"https:\/\/www.instalighting.de\/anwendungen\/energetische-sanierung\/#primaryimage"},"image":{"@id":"https:\/\/www.instalighting.de\/anwendungen\/energetische-sanierung\/#primaryimage"},"thumbnailUrl":"https:\/\/instalighting.de\/wp-content\/uploads\/2022\/12\/il_eg-1024x270.jpg","datePublished":"2022-09-30T14:08:05+00:00","dateModified":"2023-01-30T15:12:58+00:00","breadcrumb":{"@id":"https:\/\/www.instalighting.de\/anwendungen\/energetische-sanierung\/#breadcrumb"},"inLanguage":"it-IT","potentialAction":[{"@type":"ReadAction","target":["https:\/\/www.instalighting.de\/anwendungen\/energetische-sanierung\/"]}]},{"@type":"ImageObject","inLanguage":"it-IT","@id":"https:\/\/www.instalighting.de\/anwendungen\/energetische-sanierung\/#primaryimage","url":"https:\/\/instalighting.de\/wp-content\/uploads\/2022\/12\/il_eg-1024x270.jpg","contentUrl":"https:\/\/instalighting.de\/wp-content\/uploads\/2022\/12\/il_eg-1024x270.jpg"},{"@type":"BreadcrumbList","@id":"https:\/\/www.instalighting.de\/anwendungen\/energetische-sanierung\/#breadcrumb","itemListElement":[{"@type":"ListItem","position":1,"name":"instalighting.de","item":"https:\/\/www.instalighting.de\/"},{"@type":"ListItem","position":2,"name":"Anwendungen","item":"https:\/\/www.instalighting.de\/anwendungen\/"},{"@type":"ListItem","position":3,"name":"Energetische Sanierung"}]},{"@type":"WebSite","@id":"https:\/\/www.instalighting.de\/sv\/#website","url":"https:\/\/www.instalighting.de\/sv\/","name":"InstaLighting","description":"Luce come soluzione","potentialAction":[{"@type":"SearchAction","target":{"@type":"EntryPoint","urlTemplate":"https:\/\/www.instalighting.de\/sv\/?s={search_term_string}"},"query-input":{"@type":"PropertyValueSpecification","valueRequired":true,"valueName":"search_term_string"}}],"inLanguage":"it-IT"}]}},"_links":{"self":[{"href":"https:\/\/www.instalighting.de\/it\/wp-json\/wp\/v2\/pages\/9926","targetHints":{"allow":["GET"]}}],"collection":[{"href":"https:\/\/www.instalighting.de\/it\/wp-json\/wp\/v2\/pages"}],"about":[{"href":"https:\/\/www.instalighting.de\/it\/wp-json\/wp\/v2\/types\/page"}],"author":[{"embeddable":true,"href":"https:\/\/www.instalighting.de\/it\/wp-json\/wp\/v2\/users\/3"}],"replies":[{"embeddable":true,"href":"https:\/\/www.instalighting.de\/it\/wp-json\/wp\/v2\/comments?post=9926"}],"version-history":[{"count":67,"href":"https:\/\/www.instalighting.de\/it\/wp-json\/wp\/v2\/pages\/9926\/revisions"}],"predecessor-version":[{"id":12096,"href":"https:\/\/www.instalighting.de\/it\/wp-json\/wp\/v2\/pages\/9926\/revisions\/12096"}],"up":[{"embeddable":true,"href":"https:\/\/www.instalighting.de\/it\/wp-json\/wp\/v2\/pages\/5732"}],"wp:attachment":[{"href":"https:\/\/www.instalighting.de\/it\/wp-json\/wp\/v2\/media?parent=9926"}],"curies":[{"name":"wp","href":"https:\/\/api.w.org\/{rel}","templated":true}]}}